{"id":81,"date":"2025-01-02T11:08:04","date_gmt":"2025-01-02T10:08:04","guid":{"rendered":"https:\/\/jolivetsandy.com\/?page_id=81"},"modified":"2025-01-02T14:58:14","modified_gmt":"2025-01-02T13:58:14","slug":"contact","status":"publish","type":"page","link":"https:\/\/jolivetsandy.com\/index.php\/contact\/","title":{"rendered":"Contact"},"content":{"rendered":"\n<figure class=\"wp-block-image alignleft size-large is-resized\"><img loading=\"lazy\" decoding=\"async\" width=\"806\" height=\"1177\" src=\"https:\/\/jolivetsandy.com\/wp-content\/uploads\/2025\/01\/2024-07-04-18-25-58-edited-3.jpeg\" alt=\"\" class=\"wp-image-86\" style=\"width:145px;height:auto\" srcset=\"https:\/\/jolivetsandy.com\/wp-content\/uploads\/2025\/01\/2024-07-04-18-25-58-edited-3.jpeg 806w, https:\/\/jolivetsandy.com\/wp-content\/uploads\/2025\/01\/2024-07-04-18-25-58-edited-3-205x300.jpeg 205w, https:\/\/jolivetsandy.com\/wp-content\/uploads\/2025\/01\/2024-07-04-18-25-58-edited-3-701x1024.jpeg 701w, https:\/\/jolivetsandy.com\/wp-content\/uploads\/2025\/01\/2024-07-04-18-25-58-edited-3-768x1122.jpeg 768w\" sizes=\"auto, (max-width: 806px) 100vw, 806px\" \/><\/figure>\n\n\n\n<p>Mail : jolivetsandy@gmail.com    <\/p>\n\n\n\n<p>T\u00e9l\u00e9phone : 06-51-30-56-18<\/p>\n\n\n<p><\/br><\/br><\/br><\/p>\n\n\n\n<hr class=\"wp-block-separator has-alpha-channel-opacity\"\/>\n\n\n\n<p><\/p>\n\n\n\n<p><\/p>\n\n\n\n<h2 class=\"wp-block-heading\">Zone d&#8217;intervention<\/h2>\n\n\n\n<p>J&#8217;interviens dans toutes les structures de Vend\u00e9e. Des frais de d\u00e9placement de 0,60 \u20ac\/km seront factur\u00e9s pour toutes interventions en dehors des Sables d&#8217;Olonne. Si vous souhaitez une animation en dehors de la Vend\u00e9e, merci de prendre contact directement.<\/p>\n\n\n\n<h2 class=\"wp-block-heading\">Tarifs<\/h2>\n\n\n\n<p>Pour toute demande de tarifs, merci de me contacter par mail ou par t\u00e9l\u00e9phone.<\/p>\n\n\n\n<h2 class=\"wp-block-heading\">Statut<\/h2>\n\n\n\n<p>Siret : 93263764800019<\/p>\n\n\n\n<p>TVA non applicable, article 293B du CGI<\/p>\n\n\n\n<p>Attestation d&#8217;honorabilit\u00e9 en cours<\/p>\n\n\n\n<p>N\u00b0 de structure sur Chorus Pro : 93263764800019<\/p>\n","protected":false},"excerpt":{"rendered":"<p>Mail : jolivetsandy@gmail.com T\u00e9l\u00e9phone : 06-51-30-56-18 Zone d&#8217;intervention J&#8217;interviens dans toutes les structures de Vend\u00e9e. Des frais de d\u00e9placement de 0,60 \u20ac\/km seront factur\u00e9s pour toutes interventions en dehors des Sables d&#8217;Olonne. Si vous souhaitez une animation en dehors de la Vend\u00e9e, merci de prendre contact directement. Tarifs Pour toute demande de tarifs, merci de [&hellip;]<\/p>\n","protected":false},"author":1,"featured_media":0,"parent":0,"menu_order":0,"comment_status":"closed","ping_status":"closed","template":"","meta":{"footnotes":""},"class_list":["post-81","page","type-page","status-publish","hentry"],"_links":{"self":[{"href":"https:\/\/jolivetsandy.com\/index.php\/wp-json\/wp\/v2\/pages\/81","targetHints":{"allow":["GET"]}}],"collection":[{"href":"https:\/\/jolivetsandy.com\/index.php\/wp-json\/wp\/v2\/pages"}],"about":[{"href":"https:\/\/jolivetsandy.com\/index.php\/wp-json\/wp\/v2\/types\/page"}],"author":[{"embeddable":true,"href":"https:\/\/jolivetsandy.com\/index.php\/wp-json\/wp\/v2\/users\/1"}],"replies":[{"embeddable":true,"href":"https:\/\/jolivetsandy.com\/index.php\/wp-json\/wp\/v2\/comments?post=81"}],"version-history":[{"count":10,"href":"https:\/\/jolivetsandy.com\/index.php\/wp-json\/wp\/v2\/pages\/81\/revisions"}],"predecessor-version":[{"id":165,"href":"https:\/\/jolivetsandy.com\/index.php\/wp-json\/wp\/v2\/pages\/81\/revisions\/165"}],"wp:attachment":[{"href":"https:\/\/jolivetsandy.com\/index.php\/wp-json\/wp\/v2\/media?parent=81"}],"curies":[{"name":"wp","href":"https:\/\/api.w.org\/{rel}","templated":true}]}}