{"id":64,"date":"2025-01-02T10:45:45","date_gmt":"2025-01-02T09:45:45","guid":{"rendered":"https:\/\/jolivetsandy.com\/?page_id=64"},"modified":"2025-01-02T15:43:23","modified_gmt":"2025-01-02T14:43:23","slug":"qui-suis-je","status":"publish","type":"page","link":"https:\/\/jolivetsandy.com\/index.php\/qui-suis-je\/","title":{"rendered":"Qui suis-je ?"},"content":{"rendered":"\n<figure class=\"wp-block-image size-large is-resized\"><img loading=\"lazy\" decoding=\"async\" width=\"1024\" height=\"1024\" src=\"http:\/\/jolivetsandy.com\/wp-content\/uploads\/2024\/12\/cropped-cropped-unnamed-scaled-1-scaled-2-1024x1024.jpg\" alt=\"\" class=\"wp-image-11\" style=\"width:126px;height:auto\" srcset=\"https:\/\/jolivetsandy.com\/wp-content\/uploads\/2024\/12\/cropped-cropped-unnamed-scaled-1-scaled-2-1024x1024.jpg 1024w, https:\/\/jolivetsandy.com\/wp-content\/uploads\/2024\/12\/cropped-cropped-unnamed-scaled-1-scaled-2-300x300.jpg 300w, https:\/\/jolivetsandy.com\/wp-content\/uploads\/2024\/12\/cropped-cropped-unnamed-scaled-1-scaled-2-150x150.jpg 150w, https:\/\/jolivetsandy.com\/wp-content\/uploads\/2024\/12\/cropped-cropped-unnamed-scaled-1-scaled-2-768x768.jpg 768w, https:\/\/jolivetsandy.com\/wp-content\/uploads\/2024\/12\/cropped-cropped-unnamed-scaled-1-scaled-2-1536x1536.jpg 1536w, https:\/\/jolivetsandy.com\/wp-content\/uploads\/2024\/12\/cropped-cropped-unnamed-scaled-1-scaled-2.jpg 1816w\" sizes=\"auto, (max-width: 1024px) 100vw, 1024px\" \/><\/figure>\n\n\n\n<p>Apr\u00e8s des \u00e9tudes universitaires, je m&#8217;oriente vers l&#8217;animation pour les plus jeunes. M\u00e9diatrice du patrimoine, conteuse, biblioth\u00e9caire, professeur de musique\u2026 Je n&#8217;ai qu&#8217;un objectif : faire passer ma passion artistique aupr\u00e8s des enfants.<\/p>\n\n\n\n<h2 class=\"wp-block-heading\">M\u00e9diatrice du patrimoine<\/h2>\n\n\n\n<p>Cr\u00e9ation et animation d&#8217;atelier du patrimoine de la maternelle au coll\u00e8ge<\/p>\n\n\n\n<p>Mise en place d&#8217;atelier th\u00e9\u00e2tre sur le Moyen-Age<\/p>\n\n\n\n<h2 class=\"wp-block-heading\">Conteuse<\/h2>\n\n\n\n<p>Contes du Moyen-Age<\/p>\n\n\n\n<p>Contes de la mer<\/p>\n\n\n\n<p>Cr\u00e9atrice de spectacles de contes pour enfants<\/p>\n\n\n\n<h2 class=\"wp-block-heading\">Biblioth\u00e9caire<\/h2>\n\n\n\n<p>Cr\u00e9ations et animations d&#8217;ateliers p\u00e9dagogiques pour les \u00e9coles<\/p>\n\n\n\n<p>Mise en place d&#8217;atelier b\u00e9b\u00e9s lecteurs<\/p>\n\n\n\n<p>Formatrice pour des ateliers de groupes<\/p>\n\n\n\n<h2 class=\"wp-block-heading\">Professeur de musique<\/h2>\n\n\n\n<p>Professeur d&#8217;\u00e9veil sonore pour les enfants jusqu&#8217;\u00e0 2 ans. <\/p>\n\n\n\n<p>Professeur d&#8217;\u00e9veil musical collectif pour les enfants de 3 \u00e0 6 ans<\/p>\n\n\n\n<p>Professeur d&#8217;\u00e9veil musical individuel pour les enfants de 5 \u00e0 6 ans<\/p>\n\n\n\n<h2 class=\"wp-block-heading\">Dipl\u00f4mes et formations<\/h2>\n\n\n\n<p>Bafa avec sp\u00e9cialisation th\u00e9\u00e2tre<\/p>\n\n\n\n<p>CAP Petit Enfance<\/p>\n\n\n\n<p>DUFCEP (Dipl\u00f4me Universitaire de Formation \u00e0 la Connaissance et \u00e0 l&#8217;Exploitation du Patrimoine)<\/p>\n\n\n\n<p>Formation : premi\u00e8res approches du livre avec les jeunes enfants<\/p>\n\n\n\n<p>Formation : construire une action culturelle autour du th\u00e9\u00e2tre<\/p>\n\n\n\n<p>Formation : concevoir et animer une s\u00e9ance musicale pour enfant<\/p>\n\n\n\n<p>Formation : l&#8217;art du conte avec Annie Kiss<\/p>\n\n\n\n<p><\/p>\n","protected":false},"excerpt":{"rendered":"<p>Apr\u00e8s des \u00e9tudes universitaires, je m&#8217;oriente vers l&#8217;animation pour les plus jeunes. M\u00e9diatrice du patrimoine, conteuse, biblioth\u00e9caire, professeur de musique\u2026 Je n&#8217;ai qu&#8217;un objectif : faire passer ma passion artistique aupr\u00e8s des enfants. M\u00e9diatrice du patrimoine Cr\u00e9ation et animation d&#8217;atelier du patrimoine de la maternelle au coll\u00e8ge Mise en place d&#8217;atelier th\u00e9\u00e2tre sur le Moyen-Age [&hellip;]<\/p>\n","protected":false},"author":1,"featured_media":0,"parent":0,"menu_order":0,"comment_status":"closed","ping_status":"closed","template":"","meta":{"footnotes":""},"class_list":["post-64","page","type-page","status-publish","hentry"],"_links":{"self":[{"href":"https:\/\/jolivetsandy.com\/index.php\/wp-json\/wp\/v2\/pages\/64","targetHints":{"allow":["GET"]}}],"collection":[{"href":"https:\/\/jolivetsandy.com\/index.php\/wp-json\/wp\/v2\/pages"}],"about":[{"href":"https:\/\/jolivetsandy.com\/index.php\/wp-json\/wp\/v2\/types\/page"}],"author":[{"embeddable":true,"href":"https:\/\/jolivetsandy.com\/index.php\/wp-json\/wp\/v2\/users\/1"}],"replies":[{"embeddable":true,"href":"https:\/\/jolivetsandy.com\/index.php\/wp-json\/wp\/v2\/comments?post=64"}],"version-history":[{"count":10,"href":"https:\/\/jolivetsandy.com\/index.php\/wp-json\/wp\/v2\/pages\/64\/revisions"}],"predecessor-version":[{"id":186,"href":"https:\/\/jolivetsandy.com\/index.php\/wp-json\/wp\/v2\/pages\/64\/revisions\/186"}],"wp:attachment":[{"href":"https:\/\/jolivetsandy.com\/index.php\/wp-json\/wp\/v2\/media?parent=64"}],"curies":[{"name":"wp","href":"https:\/\/api.w.org\/{rel}","templated":true}]}}